{"id":4720,"date":"2018-03-31T08:31:57","date_gmt":"2018-03-31T08:31:57","guid":{"rendered":"https:\/\/santoniautogru.com.graffitiweb.srl\/servizi\/"},"modified":"2022-03-24T07:40:01","modified_gmt":"2022-03-24T07:40:01","slug":"servizi","status":"publish","type":"page","link":"https:\/\/www.santoniautogru.com\/de\/servizi\/","title":{"rendered":"SERVICES"},"content":{"rendered":"<p>[vc_section full_width=&#8221;stretch_row&#8221; css=&#8221;.vc_custom_1521461302789{margin-top: 0px !important;margin-bottom: 0px !important;padding-top: 0px !important;padding-bottom: 0px !important;background-color: #ffffff !important;}&#8221;][vc_row full_width=&#8221;stretch_row&#8221; css=&#8221;.vc_custom_1521535279484{margin-top: 0px !important;margin-bottom: 0px !important;padding-top: 120px !important;padding-bottom: 45px !important;}&#8221;][vc_column css=&#8221;.vc_custom_1521461320441{padding-top: 0px !important;padding-bottom: 0px !important;}&#8221;][vc_custom_heading text=&#8221;UNSERE DIENSTLEISTUNGEN&#8221; font_container=&#8221;tag:h1|font_size:35px|text_align:center|line_height:45px&#8221; use_theme_fonts=&#8221;yes&#8221; el_class=&#8221;font-weight-extrabold&#8221; css=&#8221;.vc_custom_1648055745659{margin-top: 0px !important;margin-bottom: 30px !important;}&#8221;][vc_column_text css=&#8221;.vc_custom_1648107511451{margin-top: 0px !important;margin-bottom: 0px !important;}&#8221;]<\/p>\n<p style=\"text-align: center;\">Hei\u00dfkranvermietung und Transportmanagement<\/p>\n<p>[\/vc_column_text][\/vc_column][\/vc_row][vc_row full_width=&#8221;stretch_row&#8221; gap=&#8221;30&#8243; equal_height=&#8221;yes&#8221; css=&#8221;.vc_custom_1521535443613{margin-top: 0px !important;margin-bottom: 0px !important;padding-top: 0px !important;padding-bottom: 115px !important;}&#8221;][vc_column css_animation=&#8221;zoomIn&#8221; width=&#8221;1\/3&#8243; css=&#8221;.vc_custom_1521540963031{margin-top: 0px !important;margin-bottom: 0px !important;border-top-width: 1px !important;border-right-width: 1px !important;border-bottom-width: 1px !important;border-left-width: 1px !important;padding-top: 55px !important;padding-right: 40px !important;padding-bottom: 45px !important;padding-left: 40px !important;background-color: #f8f7f5 !important;border-left-color: #eeece8 !important;border-left-style: solid !important;border-right-color: #eeece8 !important;border-right-style: solid !important;border-top-color: #eeece8 !important;border-top-style: solid !important;border-bottom-color: #eeece8 !important;border-bottom-style: solid !important;}&#8221;][vc_single_image image=&#8221;4190&#8243; img_size=&#8221;full&#8221; alignment=&#8221;center&#8221; css=&#8221;.vc_custom_1646641954486{margin-top: 0px !important;margin-bottom: 22px !important;}&#8221;][vc_custom_heading text=&#8221;DAS ANGEBOT&#8221; font_container=&#8221;tag:h4|font_size:20px|text_align:center|line_height:30px&#8221; use_theme_fonts=&#8221;yes&#8221; el_class=&#8221;font-weight-bold&#8221; css=&#8221;.vc_custom_1648055768042{margin-top: 0px !important;margin-bottom: 10px !important;}&#8221;][vc_column_text css=&#8221;.vc_custom_1648055795086{margin-top: 0px !important;margin-bottom: 0px !important;}&#8221;]<\/p>\n<p style=\"text-align: center;\">von der Vermietung von Mobilkr\u00e4nen bis hin zur Organisation und Verwaltung des Transports.<\/p>\n<p>[\/vc_column_text][vc_empty_space height=&#8221;30px&#8221;]\r<!-- radiantthemes-button -->\r<div class=\"radiantthemes-button hover-style-one  \"  data-button-direction=\"center\" data-button-fullwidth=\"false\" ><a style=\"\" class=\"radiantthemes-button-main\" href=\"\/de\/servizi\/offerta\/\"  title=\"\" target=\"_self\"><div class=\"placeholder\">EINZELHEITEN<\/div><\/a><\/div>\r<!-- radiantthemes-button -->\r[\/vc_column][vc_column css_animation=&#8221;zoomIn&#8221; width=&#8221;1\/3&#8243; css=&#8221;.vc_custom_1521540968250{margin-top: 0px !important;margin-bottom: 0px !important;border-top-width: 1px !important;border-right-width: 1px !important;border-bottom-width: 1px !important;border-left-width: 1px !important;padding-top: 55px !important;padding-right: 40px !important;padding-bottom: 45px !important;padding-left: 40px !important;background-color: #f8f7f5 !important;border-left-color: #eeece8 !important;border-left-style: solid !important;border-right-color: #eeece8 !important;border-right-style: solid !important;border-top-color: #eeece8 !important;border-top-style: solid !important;border-bottom-color: #eeece8 !important;border-bottom-style: solid !important;}&#8221;][vc_single_image image=&#8221;4186&#8243; img_size=&#8221;full&#8221; alignment=&#8221;center&#8221; css=&#8221;.vc_custom_1646641939950{margin-top: 0px !important;margin-bottom: 22px !important;}&#8221;][vc_custom_heading text=&#8221;HEBEARBEITEN&#8221; font_container=&#8221;tag:h4|font_size:20px|text_align:center|line_height:30px&#8221; use_theme_fonts=&#8221;yes&#8221; el_class=&#8221;font-weight-bold&#8221; css=&#8221;.vc_custom_1648055926224{margin-top: 0px !important;margin-bottom: 10px !important;}&#8221;][vc_column_text css=&#8221;.vc_custom_1648056484391{margin-top: 0px !important;margin-bottom: 0px !important;}&#8221;]<\/p>\n<p style=\"text-align: center;\">Das Kerngesch\u00e4ft des Unternehmens ist die Vermietung von Mobilkr\u00e4nen mit Fahrern.<\/p>\n<p>[\/vc_column_text][vc_empty_space height=&#8221;30px&#8221;]\r<!-- radiantthemes-button -->\r<div class=\"radiantthemes-button hover-style-one  \"  data-button-direction=\"center\" data-button-fullwidth=\"false\" ><a style=\"\" class=\"radiantthemes-button-main\" href=\"\/de\/servizi\/sollevamento\/\"  title=\"\" target=\"_self\"><div class=\"placeholder\">EINZELHEITEN<\/div><\/a><\/div>\r<!-- radiantthemes-button -->\r[\/vc_column][vc_column css_animation=&#8221;zoomIn&#8221; width=&#8221;1\/3&#8243; css=&#8221;.vc_custom_1521540974603{margin-top: 0px !important;margin-bottom: 0px !important;border-top-width: 1px !important;border-right-width: 1px !important;border-bottom-width: 1px !important;border-left-width: 1px !important;padding-top: 55px !important;padding-right: 40px !important;padding-bottom: 45px !important;padding-left: 40px !important;background-color: #f8f7f5 !important;border-left-color: #eeece8 !important;border-left-style: solid !important;border-right-color: #eeece8 !important;border-right-style: solid !important;border-top-color: #eeece8 !important;border-top-style: solid !important;border-bottom-color: #eeece8 !important;border-bottom-style: solid !important;}&#8221;][vc_single_image image=&#8221;4188&#8243; img_size=&#8221;full&#8221; alignment=&#8221;center&#8221; css=&#8221;.vc_custom_1646641926974{margin-top: 0px !important;margin-bottom: 22px !important;}&#8221;][vc_custom_heading text=&#8221;TRANSPORTE&#8221; font_container=&#8221;tag:h4|font_size:20px|text_align:center|line_height:30px&#8221; use_theme_fonts=&#8221;yes&#8221; el_class=&#8221;font-weight-bold&#8221; css=&#8221;.vc_custom_1648055964497{margin-top: 0px !important;margin-bottom: 10px !important;}&#8221;][vc_column_text css=&#8221;.vc_custom_1648056543603{margin-top: 0px !important;margin-bottom: 0px !important;}&#8221;]<\/p>\n<p style=\"text-align: center;\">Um den st\u00e4ndig wachsenden Anforderungen des Marktes gerecht zu werden, hat das Unternehmen Ma\u00dfnahmen ergriffen, um eine Reihe von Aktivit\u00e4ten im Transportsektor zu gew\u00e4hrleisten.<\/p>\n<p>[\/vc_column_text][vc_empty_space height=&#8221;30px&#8221;]\r<!-- radiantthemes-button -->\r<div class=\"radiantthemes-button hover-style-one  \"  data-button-direction=\"center\" data-button-fullwidth=\"false\" ><a style=\"\" class=\"radiantthemes-button-main\" href=\"\/de\/servizi\/trasporti\/\"  title=\"\" target=\"_self\"><div class=\"placeholder\">EINZELHEITEN<\/div><\/a><\/div>\r<!-- radiantthemes-button -->\r[\/vc_column][\/vc_row][\/vc_section][vc_row full_width=&#8221;stretch_row&#8221; equal_height=&#8221;yes&#8221; content_placement=&#8221;middle&#8221; css=&#8221;.vc_custom_1646641564928{margin-top: 0px !important;margin-bottom: 0px !important;padding-top: 85px !important;padding-bottom: 40px !important;background-image: url(https:\/\/www.santoniautogru.com\/wp-content\/uploads\/2022\/03\/santoni1.png?id=3669) !important;background-position: center !important;background-repeat: no-repeat !important;background-size: cover !important;}&#8221;][vc_column width=&#8221;2\/3&#8243; css=&#8221;.vc_custom_1521436210629 {margin-top: 0px !important;margin-bottom: 40px !important;padding-top: 0px !important;padding-bottom: 0px !important;}&#8221;][vc_custom_heading text=&#8221;SANTONI AUTOGRU&#8221; font_container=&#8221;tag:h6|font_size:32px|text_align:left|color:%23ffffff|line_height:42px&#8221; use_theme_fonts=&#8221;yes&#8221; el_class=&#8221;font-weight-bold&#8221; css=&#8221;.vc_custom_1646641395122{margin-top: 0px !important;margin-bottom: 15px !important;}&#8221;][vc_custom_heading text=&#8221;Unser Unternehmen ist bereit, alle Ihre Hebe- und Transportbed\u00fcrfnisse zu erf\u00fcllen.&#8221; font_container=&#8221;tag:div|font_size:16px|text_align:left|color:%23ffffff&#8221; use_theme_fonts=&#8221;yes&#8221; css=&#8221;.vc_custom_1648056562667{margin-top: 0px !important;}&#8221;][\/vc_column][vc_column width=&#8221;1\/3&#8243; css=&#8221;.vc_custom_1521436203613{margin-top: 0px !important;margin-bottom: 40px !important;padding-top: 0px !important;padding-bottom: 0px !important;}&#8221;]\r<!-- radiantthemes-button -->\r<div class=\"radiantthemes-button hover-style-one  inner-one-call-to-action\"  data-button-direction=\"right\" data-button-fullwidth=\"false\" ><a style=\"\" class=\"radiantthemes-button-main\" href=\"\/de\/contatti\/\"  title=\"\" target=\"_self\"><div class=\"placeholder\">Z\u00d6GERN SIE NICHT, UNS ZU KONTAKTIEREN<\/div><\/a><\/div>\r<!-- radiantthemes-button -->\r[\/vc_column][\/vc_row]<\/p>\n","protected":false},"excerpt":{"rendered":"<p>[vc_section full_width=&#8221;stretch_row&#8221; css=&#8221;.vc_custom_1521461302789{margin-top: 0px !important;margin-bottom: 0px !important;padding-top: 0px !important;padding-bottom: 0px !important;background-color: #ffffff !important;}&#8221;][vc_row full_width=&#8221;stretch_row&#8221; css=&#8221;.vc_custom_1521535279484{margin-top: 0px !important;margin-bottom: 0px !important;padding-top: 120px !important;padding-bottom: 45px !important;}&#8221;][vc_column css=&#8221;.vc_custom_1521461320441{padding-top: 0px !important;padding-bottom: 0px !important;}&#8221;][vc_custom_heading text=&#8221;UNSERE DIENSTLEISTUNGEN&#8221; font_container=&#8221;tag:h1|font_size:35px|text_align:center|line_height:45px&#8221; use_theme_fonts=&#8221;yes&#8221; el_class=&#8221;font-weight-extrabold&#8221; css=&#8221;.vc_custom_1648055745659{margin-top: 0px !important;margin-bottom: 30px !important;}&#8221;][vc_column_text css=&#8221;.vc_custom_1648107511451{margin-top: 0px !important;margin-bottom: 0px !important;}&#8221;] Hei\u00dfkranvermietung und Transportmanagement [\/vc_column_text][\/vc_column][\/vc_row][vc_row full_width=&#8221;stretch_row&#8221; gap=&#8221;30&#8243; equal_height=&#8221;yes&#8221; css=&#8221;.vc_custom_1521535443613{margin-top: 0px !important;margin-bottom: 0px !important;padding-top: [&hellip;]<\/p>\n","protected":false},"author":1,"featured_media":0,"parent":0,"menu_order":0,"comment_status":"closed","ping_status":"closed","template":"","meta":{"footnotes":""},"class_list":["post-4720","page","type-page","status-publish","hentry"],"yoast_head":"<!-- This site is optimized with the Yoast SEO plugin v27.5 - https:\/\/yoast.com\/product\/yoast-seo-wordpress\/ -->\n<title>SERVICES - Santoni Autogru<\/title>\n<meta name=\"robots\" content=\"index, follow, max-snippet:-1, max-image-preview:large, max-video-preview:-1\" \/>\n<link rel=\"canonical\" href=\"https:\/\/www.santoniautogru.com\/de\/servizi\/\" \/>\n<meta property=\"og:locale\" content=\"de_DE\" \/>\n<meta property=\"og:type\" content=\"article\" \/>\n<meta property=\"og:title\" content=\"SERVICES - Santoni Autogru\" \/>\n<meta property=\"og:description\" content=\"[vc_section full_width=&#8221;stretch_row&#8221; css=&#8221;.vc_custom_1521461302789{margin-top: 0px !important;margin-bottom: 0px !important;padding-top: 0px !important;padding-bottom: 0px !important;background-color: #ffffff !important;}&#8221;][vc_row full_width=&#8221;stretch_row&#8221; css=&#8221;.vc_custom_1521535279484{margin-top: 0px !important;margin-bottom: 0px !important;padding-top: 120px !important;padding-bottom: 45px !important;}&#8221;][vc_column css=&#8221;.vc_custom_1521461320441{padding-top: 0px !important;padding-bottom: 0px !important;}&#8221;][vc_custom_heading text=&#8221;UNSERE DIENSTLEISTUNGEN&#8221; font_container=&#8221;tag:h1|font_size:35px|text_align:center|line_height:45px&#8221; use_theme_fonts=&#8221;yes&#8221; el_class=&#8221;font-weight-extrabold&#8221; css=&#8221;.vc_custom_1648055745659{margin-top: 0px !important;margin-bottom: 30px !important;}&#8221;][vc_column_text css=&#8221;.vc_custom_1648107511451{margin-top: 0px !important;margin-bottom: 0px !important;}&#8221;] Hei\u00dfkranvermietung und Transportmanagement [\/vc_column_text][\/vc_column][\/vc_row][vc_row full_width=&#8221;stretch_row&#8221; gap=&#8221;30&#8243; equal_height=&#8221;yes&#8221; css=&#8221;.vc_custom_1521535443613{margin-top: 0px !important;margin-bottom: 0px !important;padding-top: [&hellip;]\" \/>\n<meta property=\"og:url\" content=\"https:\/\/www.santoniautogru.com\/de\/servizi\/\" \/>\n<meta property=\"og:site_name\" content=\"Santoni Autogru\" \/>\n<meta property=\"article:modified_time\" content=\"2022-03-24T07:40:01+00:00\" \/>\n<meta name=\"twitter:card\" content=\"summary_large_image\" \/>\n<meta name=\"twitter:label1\" content=\"Gesch\u00e4tzte Lesezeit\" \/>\n\t<meta name=\"twitter:data1\" content=\"3\u00a0Minuten\" \/>\n<script type=\"application\/ld+json\" class=\"yoast-schema-graph\">{\"@context\":\"https:\\\/\\\/schema.org\",\"@graph\":[{\"@type\":\"WebPage\",\"@id\":\"https:\\\/\\\/www.santoniautogru.com\\\/de\\\/servizi\\\/\",\"url\":\"https:\\\/\\\/www.santoniautogru.com\\\/de\\\/servizi\\\/\",\"name\":\"SERVICES - Santoni Autogru\",\"isPartOf\":{\"@id\":\"https:\\\/\\\/www.santoniautogru.com\\\/#website\"},\"datePublished\":\"2018-03-31T08:31:57+00:00\",\"dateModified\":\"2022-03-24T07:40:01+00:00\",\"breadcrumb\":{\"@id\":\"https:\\\/\\\/www.santoniautogru.com\\\/de\\\/servizi\\\/#breadcrumb\"},\"inLanguage\":\"de\",\"potentialAction\":[{\"@type\":\"ReadAction\",\"target\":[\"https:\\\/\\\/www.santoniautogru.com\\\/de\\\/servizi\\\/\"]}]},{\"@type\":\"BreadcrumbList\",\"@id\":\"https:\\\/\\\/www.santoniautogru.com\\\/de\\\/servizi\\\/#breadcrumb\",\"itemListElement\":[{\"@type\":\"ListItem\",\"position\":1,\"name\":\"Home\",\"item\":\"https:\\\/\\\/www.santoniautogru.com\\\/de\\\/\"},{\"@type\":\"ListItem\",\"position\":2,\"name\":\"SERVICES\"}]},{\"@type\":\"WebSite\",\"@id\":\"https:\\\/\\\/www.santoniautogru.com\\\/#website\",\"url\":\"https:\\\/\\\/www.santoniautogru.com\\\/\",\"name\":\"Santoni Autogru\",\"description\":\"Just another WordPress site\",\"potentialAction\":[{\"@type\":\"SearchAction\",\"target\":{\"@type\":\"EntryPoint\",\"urlTemplate\":\"https:\\\/\\\/www.santoniautogru.com\\\/?s={search_term_string}\"},\"query-input\":{\"@type\":\"PropertyValueSpecification\",\"valueRequired\":true,\"valueName\":\"search_term_string\"}}],\"inLanguage\":\"de\"}]}<\/script>\n<!-- \/ Yoast SEO plugin. -->","yoast_head_json":{"title":"SERVICES - Santoni Autogru","robots":{"index":"index","follow":"follow","max-snippet":"max-snippet:-1","max-image-preview":"max-image-preview:large","max-video-preview":"max-video-preview:-1"},"canonical":"https:\/\/www.santoniautogru.com\/de\/servizi\/","og_locale":"de_DE","og_type":"article","og_title":"SERVICES - Santoni Autogru","og_description":"[vc_section full_width=&#8221;stretch_row&#8221; css=&#8221;.vc_custom_1521461302789{margin-top: 0px !important;margin-bottom: 0px !important;padding-top: 0px !important;padding-bottom: 0px !important;background-color: #ffffff !important;}&#8221;][vc_row full_width=&#8221;stretch_row&#8221; css=&#8221;.vc_custom_1521535279484{margin-top: 0px !important;margin-bottom: 0px !important;padding-top: 120px !important;padding-bottom: 45px !important;}&#8221;][vc_column css=&#8221;.vc_custom_1521461320441{padding-top: 0px !important;padding-bottom: 0px !important;}&#8221;][vc_custom_heading text=&#8221;UNSERE DIENSTLEISTUNGEN&#8221; font_container=&#8221;tag:h1|font_size:35px|text_align:center|line_height:45px&#8221; use_theme_fonts=&#8221;yes&#8221; el_class=&#8221;font-weight-extrabold&#8221; css=&#8221;.vc_custom_1648055745659{margin-top: 0px !important;margin-bottom: 30px !important;}&#8221;][vc_column_text css=&#8221;.vc_custom_1648107511451{margin-top: 0px !important;margin-bottom: 0px !important;}&#8221;] Hei\u00dfkranvermietung und Transportmanagement [\/vc_column_text][\/vc_column][\/vc_row][vc_row full_width=&#8221;stretch_row&#8221; gap=&#8221;30&#8243; equal_height=&#8221;yes&#8221; css=&#8221;.vc_custom_1521535443613{margin-top: 0px !important;margin-bottom: 0px !important;padding-top: [&hellip;]","og_url":"https:\/\/www.santoniautogru.com\/de\/servizi\/","og_site_name":"Santoni Autogru","article_modified_time":"2022-03-24T07:40:01+00:00","twitter_card":"summary_large_image","twitter_misc":{"Gesch\u00e4tzte Lesezeit":"3\u00a0Minuten"},"schema":{"@context":"https:\/\/schema.org","@graph":[{"@type":"WebPage","@id":"https:\/\/www.santoniautogru.com\/de\/servizi\/","url":"https:\/\/www.santoniautogru.com\/de\/servizi\/","name":"SERVICES - Santoni Autogru","isPartOf":{"@id":"https:\/\/www.santoniautogru.com\/#website"},"datePublished":"2018-03-31T08:31:57+00:00","dateModified":"2022-03-24T07:40:01+00:00","breadcrumb":{"@id":"https:\/\/www.santoniautogru.com\/de\/servizi\/#breadcrumb"},"inLanguage":"de","potentialAction":[{"@type":"ReadAction","target":["https:\/\/www.santoniautogru.com\/de\/servizi\/"]}]},{"@type":"BreadcrumbList","@id":"https:\/\/www.santoniautogru.com\/de\/servizi\/#breadcrumb","itemListElement":[{"@type":"ListItem","position":1,"name":"Home","item":"https:\/\/www.santoniautogru.com\/de\/"},{"@type":"ListItem","position":2,"name":"SERVICES"}]},{"@type":"WebSite","@id":"https:\/\/www.santoniautogru.com\/#website","url":"https:\/\/www.santoniautogru.com\/","name":"Santoni Autogru","description":"Just another WordPress site","potentialAction":[{"@type":"SearchAction","target":{"@type":"EntryPoint","urlTemplate":"https:\/\/www.santoniautogru.com\/?s={search_term_string}"},"query-input":{"@type":"PropertyValueSpecification","valueRequired":true,"valueName":"search_term_string"}}],"inLanguage":"de"}]}},"_links":{"self":[{"href":"https:\/\/www.santoniautogru.com\/de\/wp-json\/wp\/v2\/pages\/4720","targetHints":{"allow":["GET"]}}],"collection":[{"href":"https:\/\/www.santoniautogru.com\/de\/wp-json\/wp\/v2\/pages"}],"about":[{"href":"https:\/\/www.santoniautogru.com\/de\/wp-json\/wp\/v2\/types\/page"}],"author":[{"embeddable":true,"href":"https:\/\/www.santoniautogru.com\/de\/wp-json\/wp\/v2\/users\/1"}],"replies":[{"embeddable":true,"href":"https:\/\/www.santoniautogru.com\/de\/wp-json\/wp\/v2\/comments?post=4720"}],"version-history":[{"count":5,"href":"https:\/\/www.santoniautogru.com\/de\/wp-json\/wp\/v2\/pages\/4720\/revisions"}],"predecessor-version":[{"id":4809,"href":"https:\/\/www.santoniautogru.com\/de\/wp-json\/wp\/v2\/pages\/4720\/revisions\/4809"}],"wp:attachment":[{"href":"https:\/\/www.santoniautogru.com\/de\/wp-json\/wp\/v2\/media?parent=4720"}],"curies":[{"name":"wp","href":"https:\/\/api.w.org\/{rel}","templated":true}]}}