{"id":4710,"date":"2018-03-15T08:29:07","date_gmt":"2018-03-15T08:29:07","guid":{"rendered":"https:\/\/santoniautogru.com.graffitiweb.srl\/azienda\/"},"modified":"2022-03-23T17:14:18","modified_gmt":"2022-03-23T17:14:18","slug":"azienda","status":"publish","type":"page","link":"https:\/\/www.santoniautogru.com\/de\/azienda\/","title":{"rendered":"UNSER UNTERNEHMEN"},"content":{"rendered":"<p>[vc_row full_width=&#8221;stretch_row&#8221; el_class=&#8221;background-position-left-center&#8221; css=&#8221;.vc_custom_1646382022333{margin-top: 0px !important;margin-bottom: 0px !important;padding-top: 50px !important;padding-bottom: 25px !important;background-color: #ffffff !important;background-position: 0 0 !important;background-repeat: no-repeat !important;}&#8221;][vc_column width=&#8221;1\/2&#8243; css=&#8221;.vc_custom_1521440963381{margin-top: 0px !important;margin-bottom: 40px !important;padding-top: 0px !important;padding-bottom: 0px !important;}&#8221;][vc_custom_heading text=&#8221;SANTONI AUTOGRU&#8221; font_container=&#8221;tag:h1|font_size:35px|text_align:left|line_height:45px&#8221; use_theme_fonts=&#8221;yes&#8221; el_class=&#8221;font-weight-bold&#8221; css=&#8221;.vc_custom_1646314952849{margin-top: -11px !important;margin-bottom: 35px !important;}&#8221;][vc_column_text css=&#8221;.vc_custom_1648055496672{margin-top: 0px !important;margin-bottom: 30px !important;}&#8221;]Santoni Autogr\u00f9 wurde im Jahr 1952 von Fabio Santoni gegr\u00fcndet. Die Dienstleistungen reichen von der Vermietung von Mobilkr\u00e4nen bis hin zur Organisation und Verwaltung des Transports von Waren, Maschinen und au\u00dfergew\u00f6hnlichen Lasten.<\/p>\n<p>Im Laufe der Jahre hat das Unternehmen seine Energien und Investitionen konzentriert, um einen Service zu gew\u00e4hrleisten, der auf die Bed\u00fcrfnisse der Unternehmen eingeht. Dank ihrer Professionalit\u00e4t und ihrer Bereitschaft, ihre Kunden zu bedienen, ist es ihr gelungen, sich in Trentino-S\u00fcdtirol und den angrenzenden Regionen zu etablieren.<\/p>\n<p>Heute wird das Unternehmen von Dario, dem Sohn des Gr\u00fcnders, und Giacomo, dem Enkel, geleitet.[\/vc_column_text]<div class=\"rt-image-gallery element-one\" data-thumbnail-items=\"4\"><ul class=\"rt-image-gallery-holder owl-carousel\"><li><img decoding=\"async\" src=\"https:\/\/www.santoniautogru.com\/wp-content\/uploads\/2022\/03\/Battisti_Cire_Pergine060-Copia.jpg\"><\/li><li><img decoding=\"async\" src=\"https:\/\/www.santoniautogru.com\/wp-content\/uploads\/2022\/03\/autoclavi_Calcespan_02_24.08.70-Copia.jpg\"><\/li><li><img decoding=\"async\" src=\"https:\/\/www.santoniautogru.com\/wp-content\/uploads\/2022\/03\/27_06_1973_159-Copia.jpg\"><\/li><li><img decoding=\"async\" src=\"https:\/\/www.santoniautogru.com\/wp-content\/uploads\/2022\/03\/segonzanoFaver_1973092-Copia.jpg\"><\/li><\/ul><\/div>[\/vc_column][vc_column width=&#8221;1\/2&#8243; css=&#8221;.vc_custom_1521440971588{margin-top: 0px !important;margin-bottom: 40px !important;padding-top: 0px !important;padding-bottom: 0px !important;}&#8221;][vc_custom_heading text=&#8221;Kranvermietung mit Operator und Transportmanagement-Service.&#8221; font_container=&#8221;tag:div|font_size:18px|text_align:left&#8221; use_theme_fonts=&#8221;yes&#8221; el_class=&#8221;font-weight-bold&#8221; css=&#8221;.vc_custom_1648055456506{margin-bottom: 30px !important;}&#8221;]<div class=\"rt-image-gallery element-one\" data-thumbnail-items=\"4\"><ul class=\"rt-image-gallery-holder owl-carousel\"><li><img decoding=\"async\" src=\"https:\/\/www.santoniautogru.com\/wp-content\/uploads\/2022\/03\/Ala_stradasega_1973091-Copia.jpg\"><\/li><li><img decoding=\"async\" src=\"https:\/\/www.santoniautogru.com\/wp-content\/uploads\/2022\/03\/Ala_stradasega_1973091.jpg\"><\/li><\/ul><\/div>[\/vc_column][\/vc_row][vc_row full_width=&#8221;stretch_row&#8221; equal_height=&#8221;yes&#8221; content_placement=&#8221;middle&#8221; css=&#8221;.vc_custom_1647339353609{margin-top: 0px !important;margin-bottom: 0px !important;padding-top: 85px !important;padding-bottom: 40px !important;background-image: url(https:\/\/www.santoniautogru.com\/wp-content\/uploads\/2022\/03\/santoni1.png?id=3669) !important;background-position: center !important;background-repeat: no-repeat !important;background-size: cover !important;}&#8221; el_class=&#8221;calltoaction&#8221;][vc_column width=&#8221;2\/3&#8243; css=&#8221;.vc_custom_1521436210629 {margin-top: 0px !important;margin-bottom: 40px !important;padding-top: 0px !important;padding-bottom: 0px !important;}&#8221;][vc_custom_heading text=&#8221;SANTONI AUTOGRU&#8221; font_container=&#8221;tag:h6|font_size:32px|text_align:left|color:%23ffffff|line_height:42px&#8221; use_theme_fonts=&#8221;yes&#8221; el_class=&#8221;font-weight-bold&#8221; css=&#8221;.vc_custom_1646319658473{margin-top: 0px !important;margin-bottom: 15px !important;}&#8221;][vc_custom_heading text=&#8221;Unser Unternehmen ist bereit, alle Ihre Hebe- und Transportbed\u00fcrfnisse zu erf\u00fcllen.&#8221; font_container=&#8221;tag:div|font_size:16px|text_align:left|color:%23ffffff&#8221; use_theme_fonts=&#8221;yes&#8221; css=&#8221;.vc_custom_1648055519260{margin-top: 0px !important;}&#8221;][\/vc_column][vc_column width=&#8221;1\/3&#8243; css=&#8221;.vc_custom_1521436203613{margin-top: 0px !important;margin-bottom: 40px !important;padding-top: 0px !important;padding-bottom: 0px !important;}&#8221;]\r<!-- radiantthemes-button -->\r<div class=\"radiantthemes-button hover-style-one  inner-one-call-to-action\"  data-button-direction=\"right\" data-button-fullwidth=\"false\" ><a style=\"\" class=\"radiantthemes-button-main\" href=\"\/de\/contatti\/\"  title=\"\" target=\"_self\"><div class=\"placeholder\">Z\u00d6GERN SIE NICHT, UNS ZU KONTAKTIEREN<\/div><\/a><\/div>\r<!-- radiantthemes-button -->\r[\/vc_column][\/vc_row]<\/p>\n","protected":false},"excerpt":{"rendered":"<p>[vc_row full_width=&#8221;stretch_row&#8221; el_class=&#8221;background-position-left-center&#8221; css=&#8221;.vc_custom_1646382022333{margin-top: 0px !important;margin-bottom: 0px !important;padding-top: 50px !important;padding-bottom: 25px !important;background-color: #ffffff !important;background-position: 0 0 !important;background-repeat: no-repeat !important;}&#8221;][vc_column width=&#8221;1\/2&#8243; css=&#8221;.vc_custom_1521440963381{margin-top: 0px !important;margin-bottom: 40px !important;padding-top: 0px !important;padding-bottom: 0px !important;}&#8221;][vc_custom_heading text=&#8221;SANTONI AUTOGRU&#8221; font_container=&#8221;tag:h1|font_size:35px|text_align:left|line_height:45px&#8221; use_theme_fonts=&#8221;yes&#8221; el_class=&#8221;font-weight-bold&#8221; css=&#8221;.vc_custom_1646314952849{margin-top: -11px !important;margin-bottom: 35px !important;}&#8221;][vc_column_text css=&#8221;.vc_custom_1648055496672{margin-top: 0px !important;margin-bottom: 30px !important;}&#8221;]Santoni Autogr\u00f9 wurde im Jahr 1952 von Fabio Santoni gegr\u00fcndet. Die Dienstleistungen [&hellip;]<\/p>\n","protected":false},"author":1,"featured_media":0,"parent":0,"menu_order":0,"comment_status":"closed","ping_status":"closed","template":"","meta":{"footnotes":""},"class_list":["post-4710","page","type-page","status-publish","hentry"],"yoast_head":"<!-- This site is optimized with the Yoast SEO plugin v27.5 - https:\/\/yoast.com\/product\/yoast-seo-wordpress\/ -->\n<title>UNSER UNTERNEHMEN - Santoni Autogru<\/title>\n<meta name=\"robots\" content=\"index, follow, max-snippet:-1, max-image-preview:large, max-video-preview:-1\" \/>\n<link rel=\"canonical\" href=\"https:\/\/www.santoniautogru.com\/de\/azienda\/\" \/>\n<meta property=\"og:locale\" content=\"de_DE\" \/>\n<meta property=\"og:type\" content=\"article\" \/>\n<meta property=\"og:title\" content=\"UNSER UNTERNEHMEN - Santoni Autogru\" \/>\n<meta property=\"og:description\" content=\"[vc_row full_width=&#8221;stretch_row&#8221; el_class=&#8221;background-position-left-center&#8221; css=&#8221;.vc_custom_1646382022333{margin-top: 0px !important;margin-bottom: 0px !important;padding-top: 50px !important;padding-bottom: 25px !important;background-color: #ffffff !important;background-position: 0 0 !important;background-repeat: no-repeat !important;}&#8221;][vc_column width=&#8221;1\/2&#8243; css=&#8221;.vc_custom_1521440963381{margin-top: 0px !important;margin-bottom: 40px !important;padding-top: 0px !important;padding-bottom: 0px !important;}&#8221;][vc_custom_heading text=&#8221;SANTONI AUTOGRU&#8221; font_container=&#8221;tag:h1|font_size:35px|text_align:left|line_height:45px&#8221; use_theme_fonts=&#8221;yes&#8221; el_class=&#8221;font-weight-bold&#8221; css=&#8221;.vc_custom_1646314952849{margin-top: -11px !important;margin-bottom: 35px !important;}&#8221;][vc_column_text css=&#8221;.vc_custom_1648055496672{margin-top: 0px !important;margin-bottom: 30px !important;}&#8221;]Santoni Autogr\u00f9 wurde im Jahr 1952 von Fabio Santoni gegr\u00fcndet. Die Dienstleistungen [&hellip;]\" \/>\n<meta property=\"og:url\" content=\"https:\/\/www.santoniautogru.com\/de\/azienda\/\" \/>\n<meta property=\"og:site_name\" content=\"Santoni Autogru\" \/>\n<meta property=\"article:modified_time\" content=\"2022-03-23T17:14:18+00:00\" \/>\n<meta name=\"twitter:card\" content=\"summary_large_image\" \/>\n<meta name=\"twitter:label1\" content=\"Gesch\u00e4tzte Lesezeit\" \/>\n\t<meta name=\"twitter:data1\" content=\"2\u00a0Minuten\" \/>\n<script type=\"application\/ld+json\" class=\"yoast-schema-graph\">{\"@context\":\"https:\\\/\\\/schema.org\",\"@graph\":[{\"@type\":\"WebPage\",\"@id\":\"https:\\\/\\\/www.santoniautogru.com\\\/de\\\/azienda\\\/\",\"url\":\"https:\\\/\\\/www.santoniautogru.com\\\/de\\\/azienda\\\/\",\"name\":\"UNSER UNTERNEHMEN - Santoni Autogru\",\"isPartOf\":{\"@id\":\"https:\\\/\\\/www.santoniautogru.com\\\/#website\"},\"datePublished\":\"2018-03-15T08:29:07+00:00\",\"dateModified\":\"2022-03-23T17:14:18+00:00\",\"breadcrumb\":{\"@id\":\"https:\\\/\\\/www.santoniautogru.com\\\/de\\\/azienda\\\/#breadcrumb\"},\"inLanguage\":\"de\",\"potentialAction\":[{\"@type\":\"ReadAction\",\"target\":[\"https:\\\/\\\/www.santoniautogru.com\\\/de\\\/azienda\\\/\"]}]},{\"@type\":\"BreadcrumbList\",\"@id\":\"https:\\\/\\\/www.santoniautogru.com\\\/de\\\/azienda\\\/#breadcrumb\",\"itemListElement\":[{\"@type\":\"ListItem\",\"position\":1,\"name\":\"Home\",\"item\":\"https:\\\/\\\/www.santoniautogru.com\\\/de\\\/\"},{\"@type\":\"ListItem\",\"position\":2,\"name\":\"UNSER UNTERNEHMEN\"}]},{\"@type\":\"WebSite\",\"@id\":\"https:\\\/\\\/www.santoniautogru.com\\\/#website\",\"url\":\"https:\\\/\\\/www.santoniautogru.com\\\/\",\"name\":\"Santoni Autogru\",\"description\":\"Just another WordPress site\",\"potentialAction\":[{\"@type\":\"SearchAction\",\"target\":{\"@type\":\"EntryPoint\",\"urlTemplate\":\"https:\\\/\\\/www.santoniautogru.com\\\/?s={search_term_string}\"},\"query-input\":{\"@type\":\"PropertyValueSpecification\",\"valueRequired\":true,\"valueName\":\"search_term_string\"}}],\"inLanguage\":\"de\"}]}<\/script>\n<!-- \/ Yoast SEO plugin. -->","yoast_head_json":{"title":"UNSER UNTERNEHMEN - Santoni Autogru","robots":{"index":"index","follow":"follow","max-snippet":"max-snippet:-1","max-image-preview":"max-image-preview:large","max-video-preview":"max-video-preview:-1"},"canonical":"https:\/\/www.santoniautogru.com\/de\/azienda\/","og_locale":"de_DE","og_type":"article","og_title":"UNSER UNTERNEHMEN - Santoni Autogru","og_description":"[vc_row full_width=&#8221;stretch_row&#8221; el_class=&#8221;background-position-left-center&#8221; css=&#8221;.vc_custom_1646382022333{margin-top: 0px !important;margin-bottom: 0px !important;padding-top: 50px !important;padding-bottom: 25px !important;background-color: #ffffff !important;background-position: 0 0 !important;background-repeat: no-repeat !important;}&#8221;][vc_column width=&#8221;1\/2&#8243; css=&#8221;.vc_custom_1521440963381{margin-top: 0px !important;margin-bottom: 40px !important;padding-top: 0px !important;padding-bottom: 0px !important;}&#8221;][vc_custom_heading text=&#8221;SANTONI AUTOGRU&#8221; font_container=&#8221;tag:h1|font_size:35px|text_align:left|line_height:45px&#8221; use_theme_fonts=&#8221;yes&#8221; el_class=&#8221;font-weight-bold&#8221; css=&#8221;.vc_custom_1646314952849{margin-top: -11px !important;margin-bottom: 35px !important;}&#8221;][vc_column_text css=&#8221;.vc_custom_1648055496672{margin-top: 0px !important;margin-bottom: 30px !important;}&#8221;]Santoni Autogr\u00f9 wurde im Jahr 1952 von Fabio Santoni gegr\u00fcndet. Die Dienstleistungen [&hellip;]","og_url":"https:\/\/www.santoniautogru.com\/de\/azienda\/","og_site_name":"Santoni Autogru","article_modified_time":"2022-03-23T17:14:18+00:00","twitter_card":"summary_large_image","twitter_misc":{"Gesch\u00e4tzte Lesezeit":"2\u00a0Minuten"},"schema":{"@context":"https:\/\/schema.org","@graph":[{"@type":"WebPage","@id":"https:\/\/www.santoniautogru.com\/de\/azienda\/","url":"https:\/\/www.santoniautogru.com\/de\/azienda\/","name":"UNSER UNTERNEHMEN - Santoni Autogru","isPartOf":{"@id":"https:\/\/www.santoniautogru.com\/#website"},"datePublished":"2018-03-15T08:29:07+00:00","dateModified":"2022-03-23T17:14:18+00:00","breadcrumb":{"@id":"https:\/\/www.santoniautogru.com\/de\/azienda\/#breadcrumb"},"inLanguage":"de","potentialAction":[{"@type":"ReadAction","target":["https:\/\/www.santoniautogru.com\/de\/azienda\/"]}]},{"@type":"BreadcrumbList","@id":"https:\/\/www.santoniautogru.com\/de\/azienda\/#breadcrumb","itemListElement":[{"@type":"ListItem","position":1,"name":"Home","item":"https:\/\/www.santoniautogru.com\/de\/"},{"@type":"ListItem","position":2,"name":"UNSER UNTERNEHMEN"}]},{"@type":"WebSite","@id":"https:\/\/www.santoniautogru.com\/#website","url":"https:\/\/www.santoniautogru.com\/","name":"Santoni Autogru","description":"Just another WordPress site","potentialAction":[{"@type":"SearchAction","target":{"@type":"EntryPoint","urlTemplate":"https:\/\/www.santoniautogru.com\/?s={search_term_string}"},"query-input":{"@type":"PropertyValueSpecification","valueRequired":true,"valueName":"search_term_string"}}],"inLanguage":"de"}]}},"_links":{"self":[{"href":"https:\/\/www.santoniautogru.com\/de\/wp-json\/wp\/v2\/pages\/4710","targetHints":{"allow":["GET"]}}],"collection":[{"href":"https:\/\/www.santoniautogru.com\/de\/wp-json\/wp\/v2\/pages"}],"about":[{"href":"https:\/\/www.santoniautogru.com\/de\/wp-json\/wp\/v2\/types\/page"}],"author":[{"embeddable":true,"href":"https:\/\/www.santoniautogru.com\/de\/wp-json\/wp\/v2\/users\/1"}],"replies":[{"embeddable":true,"href":"https:\/\/www.santoniautogru.com\/de\/wp-json\/wp\/v2\/comments?post=4710"}],"version-history":[{"count":3,"href":"https:\/\/www.santoniautogru.com\/de\/wp-json\/wp\/v2\/pages\/4710\/revisions"}],"predecessor-version":[{"id":4765,"href":"https:\/\/www.santoniautogru.com\/de\/wp-json\/wp\/v2\/pages\/4710\/revisions\/4765"}],"wp:attachment":[{"href":"https:\/\/www.santoniautogru.com\/de\/wp-json\/wp\/v2\/media?parent=4710"}],"curies":[{"name":"wp","href":"https:\/\/api.w.org\/{rel}","templated":true}]}}